{"id":9929,"date":"2026-02-13T15:50:52","date_gmt":"2026-02-13T13:50:52","guid":{"rendered":"https:\/\/www.sintana.ro\/?page_id=9929"},"modified":"2026-02-13T23:49:38","modified_gmt":"2026-02-13T21:49:38","slug":"salubrizare","status":"publish","type":"page","link":"https:\/\/www.sintana.ro\/hu\/salubrizare\/","title":{"rendered":"Salubrizare"},"content":{"rendered":"<div class=\"wpb-content-wrapper\"><p>[vc_row][vc_column][vc_column_text css=&#8221;&#8221;]\n<h2 data-start=\"471\" data-end=\"534\">\u267b\ufe0f Serviciul de salubrizare<\/h2>\n<p data-start=\"536\" data-end=\"691\">\u00cencep\u00e2nd cu luna <strong data-start=\"553\" data-end=\"568\">martie 2026<\/strong>, serviciul de colectare a de\u0219eurilor \u00een comuna <strong data-start=\"616\" data-end=\"673\">S\u00e2ntana de Mure\u0219<\/strong>&nbsp;este realizat de:<\/p>\n<h3 data-start=\"693\" data-end=\"718\">SC SYLEVY CLEANING SRL<\/h3>\n<p data-start=\"720\" data-end=\"817\">Operator desemnat \u00een cadrul Sistemului Integrat de Management al De\u0219eurilor \u2013 Zona 2 T\u00e2rgu Mure\u0219.<\/p>\n<p data-start=\"720\" data-end=\"817\">\ud83d\udc49 <a href=\"#ghid-colectare\"><strong data-start=\"254\" data-end=\"282\">Vezi ghidul de colectare<\/strong><\/a><\/p>\n<p>[\/vc_column_text][\/vc_column][\/vc_row][vc_row][vc_column][vc_separator css=&#8221;&#8221;][\/vc_column][\/vc_row][vc_row][vc_column][vc_column_text css=&#8221;&#8221;]\n<h3 data-start=\"824\" data-end=\"867\">\u26a0\ufe0f INFORMARE IMPORTANT\u0102 \u2013 SISTEM CIP RFID<\/h3>\n<p data-start=\"869\" data-end=\"979\">Colectarea de\u0219eurilor reziduale \u0219i biode\u0219eurilor se realizeaz\u0103 <strong data-start=\"932\" data-end=\"978\">exclusiv din recipien\u021bi dota\u021bi cu CIP RFID<\/strong>.<\/p>\n<h3 data-start=\"981\" data-end=\"1004\">\u274c NU se colecteaz\u0103:<\/h3>\n<ul data-start=\"1005\" data-end=\"1112\">\n<li data-start=\"1005\" data-end=\"1034\">\n<p data-start=\"1007\" data-end=\"1034\">pubele vechi f\u0103r\u0103 CIP RFID;<\/p>\n<\/li>\n<li data-start=\"1035\" data-end=\"1059\">\n<p data-start=\"1037\" data-end=\"1059\">recipien\u021bi neconformi;<\/p>\n<\/li>\n<li data-start=\"1060\" data-end=\"1112\">\n<p data-start=\"1062\" data-end=\"1112\">de\u0219euri amestecate sau depozitate necorespunz\u0103tor.<\/p>\n<\/li>\n<\/ul>\n<h3 data-start=\"1114\" data-end=\"1134\">\u2705 Se colecteaz\u0103:<\/h3>\n<ul data-start=\"1135\" data-end=\"1238\">\n<li data-start=\"1135\" data-end=\"1178\">\n<p data-start=\"1137\" data-end=\"1178\">doar din pubelele primite de la operator;<\/p>\n<\/li>\n<li data-start=\"1179\" data-end=\"1238\">\n<p data-start=\"1181\" data-end=\"1238\">doar dac\u0103 respect\u0103 tipul de de\u0219eu corespunz\u0103tor frac\u021biei.<\/p>\n<\/li>\n<\/ul>\n<p data-start=\"1240\" data-end=\"1277\">\ud83d\udccc <strong data-start=\"1243\" data-end=\"1277\">F\u0103r\u0103 CIP RFID = F\u0103r\u0103 colectare<\/strong><\/p>\n<p data-start=\"1279\" data-end=\"1301\">Sistemul RFID permite:<\/p>\n<ul data-start=\"1302\" data-end=\"1464\">\n<li data-start=\"1302\" data-end=\"1334\">\n<p data-start=\"1304\" data-end=\"1334\">identificarea fiec\u0103rei pubele;<\/p>\n<\/li>\n<li data-start=\"1335\" data-end=\"1382\">\n<p data-start=\"1337\" data-end=\"1382\">\u00eenregistrarea automat\u0103 a cantit\u0103\u021bii ridicate;<\/p>\n<\/li>\n<li data-start=\"1383\" data-end=\"1428\">\n<p data-start=\"1385\" data-end=\"1428\">transparen\u021b\u0103 \u0219i corectitudine \u00een colectare;<\/p>\n<\/li>\n<li data-start=\"1429\" data-end=\"1464\">\n<p data-start=\"1431\" data-end=\"1464\">respectarea legisla\u021biei de mediu.<\/p>\n<\/li>\n<\/ul>\n<p>[\/vc_column_text][vc_single_image image=&#8221;9975&#8243; img_size=&#8221;large&#8221; alignment=&#8221;center&#8221; onclick=&#8221;custom_link&#8221; img_link_target=&#8221;_blank&#8221; css=&#8221;.vc_custom_1771014778986{margin-bottom: 0px !important;}&#8221; link=&#8221;https:\/\/www.sintana.ro\/wp-content\/uploads\/2026\/02\/fluturas_RO.jpg&#8221;][vc_column_text css=&#8221;&#8221;]\n<p style=\"text-align: center;\"><em>(Click pe imagine pentru m\u0103rire)<\/em><\/p>\n<p>[\/vc_column_text][vc_single_image image=&#8221;9936&#8243; img_size=&#8221;large&#8221; alignment=&#8221;center&#8221; onclick=&#8221;custom_link&#8221; img_link_target=&#8221;_blank&#8221; css=&#8221;.vc_custom_1771014797892{margin-bottom: 0px !important;}&#8221; link=&#8221;https:\/\/www.sintana.ro\/wp-content\/uploads\/2026\/02\/FLUTURAS-RFID_HU_VERSO-scaled.png&#8221;][vc_column_text css=&#8221;&#8221;]\n<p style=\"text-align: center;\"><em>(Kattintson a k\u00e9pre a nagy\u00edt\u00e1shoz)<\/em><\/p>\n<p>[\/vc_column_text][\/vc_column][\/vc_row][vc_row][vc_column][vc_separator css=&#8221;&#8221;][\/vc_column][\/vc_row][vc_row][vc_column][vc_tta_accordion title_tag=&#8221;h3&#8243; active_section=&#8221;1&#8243; collapsible_all=&#8221;true&#8221; title=&#8221;\ud83c\udfe0 Pentru locuin\u021be individuale (case)&#8221; el_id=&#8221;ghid-colectare&#8221;][vc_tta_section title=&#8221;\u26ab Pubela NEAGR\u0102 \u2013 De\u0219eu rezidual (menajer nereciclabil)&#8221; tab_id=&#8221;1770987375069-99ebc7ef-6f3e&#8221;][vc_column_text css=&#8221;&#8221;]\n<p data-start=\"1558\" data-end=\"1566\">Exemple:<\/p>\n<ul data-start=\"1567\" data-end=\"1666\">\n<li data-start=\"1567\" data-end=\"1603\">\n<p data-start=\"1569\" data-end=\"1603\">resturi alimentare necompostabile;<\/p>\n<\/li>\n<li data-start=\"1604\" data-end=\"1626\">\n<p data-start=\"1606\" data-end=\"1626\">\u0219erve\u021bele utilizate;<\/p>\n<\/li>\n<li data-start=\"1627\" data-end=\"1646\">\n<p data-start=\"1629\" data-end=\"1646\">mucuri de \u021bigar\u0103;<\/p>\n<\/li>\n<li data-start=\"1647\" data-end=\"1666\">\n<p data-start=\"1649\" data-end=\"1666\">obiecte igienice.<\/p>\n<\/li>\n<\/ul>\n<p>[\/vc_column_text][\/vc_tta_section][vc_tta_section title=&#8221;\ud83d\udfe4 Pubela MARO \u2013 Biode\u0219eu&#8221; tab_id=&#8221;1770987375086-379c8643-b1c1&#8243;][vc_column_text css=&#8221;&#8221;]\n<p data-start=\"1702\" data-end=\"1710\">Exemple:<\/p>\n<ul data-start=\"1711\" data-end=\"1812\">\n<li data-start=\"1711\" data-end=\"1741\">\n<p data-start=\"1713\" data-end=\"1741\">resturi de fructe \u0219i legume;<\/p>\n<\/li>\n<li data-start=\"1742\" data-end=\"1761\">\n<p data-start=\"1744\" data-end=\"1761\">resturi de p\u00e2ine;<\/p>\n<\/li>\n<li data-start=\"1762\" data-end=\"1777\">\n<p data-start=\"1764\" data-end=\"1777\">za\u021b de cafea;<\/p>\n<\/li>\n<li data-start=\"1778\" data-end=\"1812\">\n<p data-start=\"1780\" data-end=\"1812\">frunze, flori, resturi vegetale.<\/p>\n<\/li>\n<\/ul>\n<p>[\/vc_column_text][\/vc_tta_section][vc_tta_section title=&#8221;\ud83d\udd35 Sac ALBASTRU \u2013 H\u00e2rtie \/ Carton&#8221; tab_id=&#8221;1770987474825-88c05979-5e11&#8243;][vc_column_text css=&#8221;&#8221;]\n<p data-start=\"1856\" data-end=\"1864\">Exemple:<\/p>\n<ul data-start=\"1865\" data-end=\"1947\">\n<li data-start=\"1865\" data-end=\"1882\">\n<p data-start=\"1867\" data-end=\"1882\">ziare, reviste;<\/p>\n<\/li>\n<li data-start=\"1883\" data-end=\"1908\">\n<p data-start=\"1885\" data-end=\"1908\">cutii curate de carton;<\/p>\n<\/li>\n<li data-start=\"1909\" data-end=\"1947\">\n<p data-start=\"1911\" data-end=\"1947\">ambalaje tip Tetra Pack (lapte\/suc).<\/p>\n<\/li>\n<\/ul>\n<p data-start=\"1949\" data-end=\"2012\">\ud83d\udccc V\u0103 rug\u0103m s\u0103 plia\u021bi ambalajele pentru economisirea spa\u021biului.<\/p>\n<p>[\/vc_column_text][\/vc_tta_section][vc_tta_section title=&#8221;\ud83d\udfe1 Sac GALBEN \u2013 Plastic&#8221; tab_id=&#8221;1770987498996-7ced9566-b5ae&#8221;][vc_column_text css=&#8221;&#8221;]\n<p data-start=\"2046\" data-end=\"2054\">Exemple:<\/p>\n<ul data-start=\"2055\" data-end=\"2134\">\n<li data-start=\"2055\" data-end=\"2065\">\n<p data-start=\"2057\" data-end=\"2065\">PET-uri;<\/p>\n<\/li>\n<li data-start=\"2066\" data-end=\"2087\">\n<p data-start=\"2068\" data-end=\"2087\">bidoane de plastic;<\/p>\n<\/li>\n<li data-start=\"2088\" data-end=\"2103\">\n<p data-start=\"2090\" data-end=\"2103\">folie, pungi;<\/p>\n<\/li>\n<li data-start=\"2104\" data-end=\"2134\">\n<p data-start=\"2106\" data-end=\"2134\">ambalaje din plastic curate.<\/p>\n<\/li>\n<\/ul>\n<p data-start=\"2136\" data-end=\"2170\">\ud83d\udccc V\u0103 rug\u0103m s\u0103 presa\u021bi ambalajele.<\/p>\n<p>[\/vc_column_text][\/vc_tta_section][vc_tta_section title=&#8221;\ud83d\udfe2 Sac VERDE \u2013 Metal&#8221; tab_id=&#8221;1770987516999-ba13a00f-02d3&#8243;][vc_column_text css=&#8221;&#8221;]\n<p data-start=\"2201\" data-end=\"2209\">Exemple:<\/p>\n<ul data-start=\"2210\" data-end=\"2254\">\n<li data-start=\"2210\" data-end=\"2226\">\n<p data-start=\"2212\" data-end=\"2226\">doze aluminiu;<\/p>\n<\/li>\n<li data-start=\"2227\" data-end=\"2254\">\n<p data-start=\"2229\" data-end=\"2254\">cutii de conserve curate.<\/p>\n<\/li>\n<\/ul>\n<p>[\/vc_column_text][\/vc_tta_section][vc_tta_section title=&#8221;\u26aa Sac TRANSPARENT \u2013 Sticl\u0103&#8221; tab_id=&#8221;1770987535183-49c17d4b-c4ab&#8221;][vc_column_text css=&#8221;&#8221;]\n<p data-start=\"2291\" data-end=\"2299\">Exemple:<\/p>\n<ul data-start=\"2300\" data-end=\"2351\">\n<li data-start=\"2300\" data-end=\"2317\">\n<p data-start=\"2302\" data-end=\"2317\">sticle b\u0103uturi;<\/p>\n<\/li>\n<li data-start=\"2318\" data-end=\"2328\">\n<p data-start=\"2320\" data-end=\"2328\">borcane;<\/p>\n<\/li>\n<li data-start=\"2329\" data-end=\"2351\">\n<p data-start=\"2331\" data-end=\"2351\">ambalaje din sticl\u0103.<\/p>\n<\/li>\n<\/ul>\n<p data-start=\"2353\" data-end=\"2405\">\ud83d\udccc V\u0103 rug\u0103m s\u0103 nu sparge\u021bi inten\u021bionat recipientele.<\/p>\n<p>[\/vc_column_text][\/vc_tta_section][\/vc_tta_accordion][vc_single_image image=&#8221;10004&#8243; img_size=&#8221;full&#8221; alignment=&#8221;center&#8221; onclick=&#8221;custom_link&#8221; img_link_target=&#8221;_blank&#8221; css=&#8221;.vc_custom_1771015193102{margin-bottom: 0px !important;}&#8221; link=&#8221;https:\/\/www.sintana.ro\/wp-content\/uploads\/2026\/02\/indrumar_RO.webp&#8221;][vc_column_text css=&#8221;&#8221;]\n<p style=\"text-align: center;\"><em>(Click pe imagine pentru m\u0103rire)<\/em><\/p>\n<p>[\/vc_column_text][vc_single_image image=&#8221;10003&#8243; img_size=&#8221;large&#8221; alignment=&#8221;center&#8221; onclick=&#8221;custom_link&#8221; img_link_target=&#8221;_blank&#8221; css=&#8221;.vc_custom_1771015174292{margin-bottom: 0px !important;}&#8221; link=&#8221;https:\/\/www.sintana.ro\/wp-content\/uploads\/2026\/02\/indrumar_HU.webp&#8221;][vc_column_text css=&#8221;&#8221;]\n<p style=\"text-align: center;\"><em>(Kattintson a k\u00e9pre a nagy\u00edt\u00e1shoz)<\/em><\/p>\n<p>[\/vc_column_text][\/vc_column][\/vc_row][vc_row][vc_column][vc_separator css=&#8221;&#8221;][\/vc_column][\/vc_row][vc_row][vc_column][vc_column_text css=&#8221;&#8221;]\n<h3 data-start=\"2412\" data-end=\"2434\">\ud83c\udfe2 Pentru blocuri (locuin\u021be colective)<\/h3>\n<p>\u00cen zonele de blocuri, colectarea se realizeaz\u0103 \u00een containere dedicate, amplasate pe platformele comune.[\/vc_column_text][vc_single_image image=&#8221;9998&#8243; img_size=&#8221;2000&#215;1414&#8243; onclick=&#8221;custom_link&#8221; img_link_target=&#8221;_blank&#8221; css=&#8221;.vc_custom_1771014688516{margin-bottom: 0px !important;}&#8221; link=&#8221;https:\/\/www.sintana.ro\/wp-content\/uploads\/2026\/02\/blocuri.webp&#8221;][vc_column_text css=&#8221;&#8221;]\n<p style=\"text-align: center;\"><em>(Click pe imagine pentru m\u0103rire)<\/em><\/p>\n<p>[\/vc_column_text][\/vc_column][\/vc_row][vc_row][vc_column][vc_separator css=&#8221;&#8221;][\/vc_column][\/vc_row][vc_row][vc_column][vc_column_text css=&#8221;&#8221;]\n<h3 data-start=\"2699\" data-end=\"2758\">\ud83c\udfe2 INFORMA\u021aII PENTRU PERSOANE JURIDICE (AGEN\u021aI ECONOMICI)<\/h3>\n<p data-start=\"2760\" data-end=\"2896\">Utilizatorii non-casnici (societ\u0103\u021bi comerciale, PFA, institu\u021bii etc.) au obliga\u021bia de a colecta separat de\u0219eurile similare pe 6 frac\u021bii:<\/p>\n<ul data-start=\"2898\" data-end=\"2962\">\n<li data-start=\"2898\" data-end=\"2908\">\n<p data-start=\"2900\" data-end=\"2908\">rezidual<\/p>\n<\/li>\n<li data-start=\"2909\" data-end=\"2919\">\n<p data-start=\"2911\" data-end=\"2919\">biode\u0219eu<\/p>\n<\/li>\n<li data-start=\"2920\" data-end=\"2935\">\n<p data-start=\"2922\" data-end=\"2935\">h\u00e2rtie\/carton<\/p>\n<\/li>\n<li data-start=\"2936\" data-end=\"2945\">\n<p data-start=\"2938\" data-end=\"2945\">plastic<\/p>\n<\/li>\n<li data-start=\"2946\" data-end=\"2953\">\n<p data-start=\"2948\" data-end=\"2953\">metal<\/p>\n<\/li>\n<li data-start=\"2954\" data-end=\"2962\">\n<p data-start=\"2956\" data-end=\"2962\">sticl\u0103<\/p>\n<\/li>\n<\/ul>\n<p data-start=\"2964\" data-end=\"3058\">Taxa de salubrizare este stabilit\u0103 conform regulamentelor \u00een vigoare \u0219i se achit\u0103 la Prim\u0103rie.<\/p>\n<p data-start=\"2964\" data-end=\"3058\">\ud83d\udcce <a href=\"https:\/\/www.sintana.ro\/wp-content\/uploads\/2026\/02\/INFO-NON-CASNICI.pdf\" target=\"_blank\" rel=\"noopener\">Document complet informare non-casnici<\/a><\/p>\n<p>[\/vc_column_text][\/vc_column][\/vc_row][vc_row][vc_column][vc_separator css=&#8221;&#8221;][\/vc_column][\/vc_row][vc_row][vc_column][vc_column_text css=&#8221;&#8221;]\n<h3 data-start=\"2412\" data-end=\"2434\">\u2757 REFUZUL COLECT\u0102RII<\/h3>\n<p data-start=\"2436\" data-end=\"2499\">Operatorul are dreptul de a refuza colectarea \u00een cazul \u00een care:<\/p>\n<ul data-start=\"2500\" data-end=\"2692\">\n<li data-start=\"2500\" data-end=\"2543\">\n<p data-start=\"2502\" data-end=\"2543\">de\u0219eurile nu sunt separate corespunz\u0103tor;<\/p>\n<\/li>\n<li data-start=\"2544\" data-end=\"2650\">\n<p data-start=\"2546\" data-end=\"2650\">recipientele con\u021bin de\u0219euri interzise (moloz, textile, voluminoase, periculoase, de\u0219euri medicale etc.);<\/p>\n<\/li>\n<li data-start=\"2651\" data-end=\"2692\">\n<p data-start=\"2653\" data-end=\"2692\">recipien\u021bii nu sunt dota\u021bi cu CIP RFID.<\/p>\n<\/li>\n<\/ul>\n<p>[\/vc_column_text][\/vc_column][\/vc_row][vc_row][vc_column][vc_separator css=&#8221;&#8221;][\/vc_column][\/vc_row][vc_row][vc_column][vc_column_text css=&#8221;&#8221;]\n<h3 data-start=\"2412\" data-end=\"2434\">\ud83d\uddd3 GRAFIC COLECTARE DE\u0218EURI 2026 &#8211; valabil \u00eencep\u00e2nd cu luna martie<\/h3>\n<p>[\/vc_column_text][vc_column_text css=&#8221;&#8221;]\n<p data-start=\"1007\" data-end=\"1032\">\ud83d\udc49 <a href=\"https:\/\/www.sintana.ro\/wp-content\/uploads\/2026\/02\/Grafic_PDF.pdf\" target=\"_blank\" rel=\"noopener\"><strong>DESCARC\u0102 GRAFICUL 2026<\/strong><\/a><\/p>\n<p>[\/vc_column_text][\/vc_column][\/vc_row][vc_row][vc_column][vc_separator css=&#8221;&#8221;][\/vc_column][\/vc_row][vc_row][vc_column][vc_column_text css=&#8221;&#8221;]\n<h3 data-start=\"3142\" data-end=\"3171\">\ud83d\udcde DATE DE CONTACT OPERATOR<\/h3>\n<p data-start=\"3173\" data-end=\"3315\">SC SYLEVY CLEANING SRL<br data-start=\"3195\" data-end=\"3198\" \/>\ud83d\udccd Str. Plopilor nr. 12, T\u00e2rgu Mure\u0219<br data-start=\"3234\" data-end=\"3237\" \/>\ud83c\udf10 <a class=\"decorated-link\" href=\"http:\/\/www.sylevycleaning.ro\" target=\"_new\" rel=\"noopener\" data-start=\"3240\" data-end=\"3261\">www.sylevycleaning.ro<\/a><br data-start=\"3261\" data-end=\"3264\" \/>\ud83d\udce7 <a class=\"decorated-link cursor-pointer\" rel=\"noopener\" data-start=\"3267\" data-end=\"3295\">reclamatii@sylevycleaning.ro<\/a><br data-start=\"3295\" data-end=\"3298\" \/>\ud83d\udcde 0754 054 444<\/p>\n<p data-start=\"3317\" data-end=\"3415\">Pentru sesiz\u0103ri, reclama\u021bii sau informa\u021bii suplimentare, v\u0103 rug\u0103m s\u0103 contacta\u021bi direct operatorul.<\/p>\n<p>[\/vc_column_text][\/vc_column][\/vc_row]\n<\/div>","protected":false},"excerpt":{"rendered":"<p>[vc_row][vc_column][vc_column_text css=&#8221;&#8221;] \u267b\ufe0f Serviciul de salubrizare \u00cencep\u00e2nd cu luna martie 2026, serviciul de colectare a de\u0219eurilor \u00een comuna S\u00e2ntana de Mure\u0219&nbsp;este realizat de: SC SYLEVY CLEANING SRL Operator desemnat \u00een cadrul Sistemului Integrat de Management al De\u0219eurilor \u2013 Zona 2 T\u00e2rgu Mure\u0219. \ud83d\udc49 Vezi ghidul de colectare [\/vc_column_text][\/vc_column][\/vc_row][vc_row][vc_column][vc_separator css=&#8221;&#8221;][\/vc_column][\/vc_row][vc_row][vc_column][vc_column_text css=&#8221;&#8221;] \u26a0\ufe0f INFORMARE IMPORTANT\u0102 \u2013 SISTEM [&hellip;]<\/p>\n","protected":false},"author":1,"featured_media":0,"parent":0,"menu_order":0,"comment_status":"closed","ping_status":"closed","template":"","meta":{"footnotes":""},"class_list":["post-9929","page","type-page","status-publish","hentry"],"translation":{"provider":"WPGlobus","version":"3.0.2","language":"hu","enabled_languages":["ro","hu"],"languages":{"ro":{"title":true,"content":true,"excerpt":false},"hu":{"title":false,"content":false,"excerpt":false}}},"_links":{"self":[{"href":"https:\/\/www.sintana.ro\/hu\/wp-json\/wp\/v2\/pages\/9929","targetHints":{"allow":["GET"]}}],"collection":[{"href":"https:\/\/www.sintana.ro\/hu\/wp-json\/wp\/v2\/pages"}],"about":[{"href":"https:\/\/www.sintana.ro\/hu\/wp-json\/wp\/v2\/types\/page"}],"author":[{"embeddable":true,"href":"https:\/\/www.sintana.ro\/hu\/wp-json\/wp\/v2\/users\/1"}],"replies":[{"embeddable":true,"href":"https:\/\/www.sintana.ro\/hu\/wp-json\/wp\/v2\/comments?post=9929"}],"version-history":[{"count":56,"href":"https:\/\/www.sintana.ro\/hu\/wp-json\/wp\/v2\/pages\/9929\/revisions"}],"predecessor-version":[{"id":10011,"href":"https:\/\/www.sintana.ro\/hu\/wp-json\/wp\/v2\/pages\/9929\/revisions\/10011"}],"wp:attachment":[{"href":"https:\/\/www.sintana.ro\/hu\/wp-json\/wp\/v2\/media?parent=9929"}],"curies":[{"name":"wp","href":"https:\/\/api.w.org\/{rel}","templated":true}]}}